{"id":21775,"date":"2025-01-30T11:21:58","date_gmt":"2025-01-30T09:21:58","guid":{"rendered":"https:\/\/monmenut.cat\/aviso-legal\/declaracion-de-accesibilidad\/"},"modified":"2025-05-28T20:19:19","modified_gmt":"2025-05-28T18:19:19","slug":"declaracion-de-accesibilidad","status":"publish","type":"page","link":"https:\/\/monmenut.cat\/es\/aviso-legal\/declaracion-de-accesibilidad\/","title":{"rendered":"Declaraci\u00f3n de accesibilidad"},"content":{"rendered":"\t\t<div data-elementor-type=\"wp-page\" data-elementor-id=\"21775\" class=\"elementor elementor-21775 elementor-21423\" data-elementor-post-type=\"page\">\n\t\t\t\t\t\t<section class=\"elementor-section elementor-top-section elementor-element elementor-element-9c41145 elementor-section-boxed elementor-section-height-default elementor-section-height-default sc_fly_static\" data-id=\"9c41145\" data-element_type=\"section\">\n\t\t\t\t\t\t<div class=\"elementor-container elementor-column-gap-extended\">\n\t\t\t\t\t<div class=\"elementor-column elementor-col-100 elementor-top-column elementor-element elementor-element-e35c6d5 sc_content_align_inherit sc_layouts_column_icons_position_left sc_fly_static\" data-id=\"e35c6d5\" data-element_type=\"column\">\n\t\t\t<div class=\"elementor-widget-wrap elementor-element-populated\">\n\t\t\t\t\t\t<div class=\"elementor-element elementor-element-d847a48 sc_fly_static elementor-widget elementor-widget-trx_sc_title\" data-id=\"d847a48\" data-element_type=\"widget\" data-widget_type=\"trx_sc_title.default\">\n\t\t\t\t<div class=\"elementor-widget-container\">\n\t\t\t\t\t<div\t\tclass=\"sc_title sc_title_shadow\" ><span class=\"sc_item_subtitle sc_title_subtitle sc_item_subtitle_above sc_item_title_style_shadow\">monmenut<\/span><h2 class=\"sc_item_title sc_title_title sc_item_title_style_shadow\"\n\t\t\t><span class=\"sc_item_title_text\">Declaraci\u00f3n de accesibilidad<\/span><\/h2><\/div>\t\t\t\t<\/div>\n\t\t\t\t<\/div>\n\t\t\t\t<div class=\"elementor-element elementor-element-0214124 sc_height_tiny sc_fly_static elementor-widget elementor-widget-spacer\" data-id=\"0214124\" data-element_type=\"widget\" data-widget_type=\"spacer.default\">\n\t\t\t\t<div class=\"elementor-widget-container\">\n\t\t\t\t\t\t\t<div class=\"elementor-spacer\">\n\t\t\t<div class=\"elementor-spacer-inner\"><\/div>\n\t\t<\/div>\n\t\t\t\t\t\t<\/div>\n\t\t\t\t<\/div>\n\t\t\t\t<div class=\"elementor-element elementor-element-440b1f8 sc_fly_static elementor-widget elementor-widget-text-editor\" data-id=\"440b1f8\" data-element_type=\"widget\" data-widget_type=\"text-editor.default\">\n\t\t\t\t<div class=\"elementor-widget-container\">\n\t\t\t\t\t\t\t\t\t<p>La entidad <strong>Sabina Beltran Segura<\/strong> se ha comprometido a hacer accesible su sitio web de conformidad con el Real Decreto 1112\/2018, de 7 de septiembre, sobre accesibilidad de los sitios web y aplicaciones para dispositivos m\u00f3viles del sector p\u00fablico.<br>La presente declaraci\u00f3n de accesibilidad se aplica al sitio web <a href=\"https:\/\/monmenut.cat\/es\/\">https:\/\/monmenut.cat<\/a><\/p><h5>Situaci\u00f3n de cumplimiento<\/h5><p>Este sitio web es parcialmente conforme con el RD 1112\/2018 debido a las excepciones y a la falta de conformidad de los aspectos que se indican a continuaci\u00f3n.<\/p><h5>Contenido no accesible<\/h5><h6>El contenido que se recoge a continuaci\u00f3n no es accesible por lo siguiente:<\/h6><p><strong>1. Falta de conformidad con el RD 1112\/2018<\/strong><\/p><ul><li>Existen logotipos e im\u00e1genes con texto alternativo, incorrecto o confuso e im\u00e1genes complejas sin descripci\u00f3n textual [requisito n\u00famero 9.1.1.1 Contenido no textual, de UNE-EN 301549:2022].<\/li><li>Existen listas creadas de forma incorrecta (sin etiqueta de lista), tablas con celdas etiquetadas incorrectamente y etiquetas invisibles en elementos de formularios [requisito n\u00famero 9.1.3.1 Informaci\u00f3n y relaciones, de UNE-EN 301549:2022].<\/li><li>Existen tablas no adaptadas a tama\u00f1os de pantalla peque\u00f1os y campos de formulario que no se visualizan correctamente en tama\u00f1os de pantalla peque\u00f1os [requisito n\u00famero 9.1.4.10 Reajuste de texto, de UNE-EN 301549:2022].<\/li><li>Existe texto que al cambiar los espacios y alturas de l\u00ednea no se visualiza correctamente [requisito n\u00famero 9.1.4.12 Espaciado de texto, de UNE-EN 301549:2022].<\/li><li>Existen elementos que no son accesibles por teclado, como por ejemplo enlaces a redes sociales, el editor de textos para comentarios, elementos para ordenar resultados de b\u00fasqueda, la paginaci\u00f3n de los resultados de b\u00fasqueda o las flechas de calendario [requisito n\u00famero 9.2.1.1 Teclado, de UNE-EN 301549:2022].<\/li><li>Hay elementos que no reciben el foco y, por tanto, no se puede interactuar con ellos mediante el teclado, por ejemplo [requisito n\u00famero 9.2.4.3 Orden del foco, de UNE-EN 301549:2022].<\/li><li>Hay enlaces en los que no se identifica correctamente su funci\u00f3n (tienen una descripci\u00f3n inadecuada, un texto demasiado gen\u00e9rico, un t\u00edtulo inadecuado\u2026). [requisito n\u00famero 9.2.4.4 Prop\u00f3sito de los enlaces, de UNE-EN 301549:2022]. <\/li><li>Hay encabezados con texto repetido y\/o poco descriptivo [requisito n\u00famero 9.2.4.6 Encabezados y etiquetas, de UNE-EN 301549:2022].<\/li><li>Existen im\u00e1genes, infograf\u00edas, textos de enlaces o botones, texto de titulares y contenido que no est\u00e1n traducidos a otros idiomas [requisito n\u00famero 9.3.1.2 Idioma de las partes, de UNE-EN 301549:2022].<\/li><li>En alguna p\u00e1gina se est\u00e1 usando el mismo icono para diferentes prop\u00f3sitos, lo cual genera confusi\u00f3n [requisito n\u00famero 9.3.2.4 Identificaci\u00f3n coherente, de UNE-EN 301549:2022].<\/li><li>Existen mensajes de error poco descriptivos, o mensajes de error que no est\u00e1n agrupados en un \u00fanico mensaje, as\u00ed como falta de sugerencias en formulario para rellenar los campos correctamente [requisito n\u00famero 9.3.3.1 Identificaci\u00f3n de errores, de UNE-EN 301549:2022].<\/li><li>Existen formularios con campos obligatorios donde no se informa al usuario de ello, as\u00ed como campos donde falta un ejemplo textual del formato del campo. (como por ejemplo el DNI) [requisito n\u00famero 9.3.3.2 Etiquetas e instrucciones, de UNE-EN 301549:2022]. <\/li><li>Existen campos de formularios donde se informa del error cuando se introduce un valor incorrecto, pero no se informa de una sugerencia para su correcci\u00f3n. [requisito n\u00famero 9.3.3.3 Sugerencias ante errores, de UNE-EN 301549:2022]. <\/li><li>Existen p\u00e1ginas con errores de sintaxis y, por tanto, alg\u00fan producto de apoyo puede no interpretar correctamente el contenido (ID de p\u00e1gina duplicado, etiquetas sin cerrar, construcci\u00f3n incorrecta de etiquetas\u2026). [requisito n\u00famero 9.4.1.1 Procesamiento, de UNE-EN 301549:2022]. <\/li><li>Existen p\u00e1ginas en las que los productos de apoyo no van a poder obtener informaci\u00f3n, interactuar y estar al corriente del estado de los controles de interfaz de usuario, como por ejemplo, mensajes de ayuda, mensajes de estado de resultado de acciones, atributos de enlaces, imagen de idioma de p\u00e1gina\u2026 que no podr\u00e1n ser le\u00eddos por lectores de pantalla en el momento en el que aparecen [requisito n\u00famero 9.4.1.2 Nombre, funci\u00f3n, valor de UNE-EN 301549:2022].<\/li><li>Podr\u00edan existir fallos puntuales de edici\u00f3n en alguna p\u00e1gina web.<\/li><\/ul><p><strong>2. Carga desproporcionada:<\/strong><\/p><ul><li>No aplica.<\/li><\/ul><p><strong>3. El contenido no entra dentro del \u00e1mbito de la legislaci\u00f3n aplicable.<\/strong><\/p><ul><li>Podr\u00edan existir archivos ofim\u00e1ticos en PDF u otros formatos publicados antes del 20 de septiembre de 2018 que no cumplan en su totalidad todos los requisitos de accesibilidad. Aunque se ha procurado que la mayor\u00eda de ellos s\u00ed lo cumplan. <\/li><\/ul><h6>Preparaci\u00f3n de la presente declaraci\u00f3n de accesibilidad<\/h6><p>La presente declaraci\u00f3n fue preparada el 10\/01\/2025<br>El m\u00e9todo empleado para preparar la declaraci\u00f3n ha sido una autoevaluaci\u00f3n llevada a cabo por la propia entidad.<br>\u00daltima revisi\u00f3n de la declaraci\u00f3n: 10\/01\/2025<\/p><h6>Observaciones y datos de contacto<\/h6><p>Puede realizar comunicaciones sobre requisitos de accesibilidad (art\u00edculo 10.2.a) del RD 1112\/2018) como por ejemplo:<\/p><ul><li>informar sobre cualquier posible incumplimiento por parte de este sitio web<\/li><li>transmitir otras dificultades de acceso al contenido<\/li><li>formular cualquier otra consulta o sugerencia de mejora relativa a la accesibilidad del sitio web<\/li><\/ul><p>A trav\u00e9s del siguiente formulario de contacto.<br>Puede presentar:<\/p><ul><li>una Queja relativa al cumplimiento de los requisitos del RD 1112\/2018 o<\/li><li>una Solicitud de Informaci\u00f3n accesible relativa a:<ul><li>contenidos que est\u00e1n excluidos del \u00e1mbito de aplicaci\u00f3n del RD 1112\/2018 seg\u00fan lo establecido por el art\u00edculo 3, apartado 4<\/li><li>contenidos que est\u00e1n exentos del cumplimiento de los requisitos de accesibilidad por imponer una carga desproporcionada.<\/li><\/ul><\/li><\/ul><p>En la Solicitud de informaci\u00f3n accesible, se debe concretar, con toda claridad, los hechos, razones y petici\u00f3n que permitan constatar que se trata de una solicitud razonable y leg\u00edtima.<\/p><h6>Contenido opcional<\/h6><p>Este sitio web aplica los requisitos de la Norma UNE-EN 301549:2022 considerando las excepciones del RD 1112\/2018.<\/p><p>La \u00faltima revisi\u00f3n de la accesibilidad se ha realizado en 10\/01\/2025<\/p><p>El sitio web est\u00e1 optimizado para los navegadores Microsoft Internet Explorer 8.0 o versiones superiores y las \u00faltimas versiones vigentes de FireFox, Safari, Opera y Google Chrome. La resoluci\u00f3n web m\u00ednima recomendada es de 1280\u00d71024. <\/p><p>El sitio web est\u00e1 dise\u00f1ado para su visualizaci\u00f3n Responsive, con lo que se visualiza de forma \u00f3ptima en los dispositivos tablet y m\u00f3viles. En estos dispositivos est\u00e1 optimizado para su visualizaci\u00f3n en las \u00faltimas versiones vigentes de Chrome for mobile, Firefox for mobile, Safari mobile, Opera Mini y navegador nativo de Android. <\/p>\t\t\t\t\t\t\t\t<\/div>\n\t\t\t\t<\/div>\n\t\t\t\t<div class=\"elementor-element elementor-element-98e6f18 sc_height_tiny sc_fly_static elementor-widget elementor-widget-spacer\" data-id=\"98e6f18\" data-element_type=\"widget\" data-widget_type=\"spacer.default\">\n\t\t\t\t<div class=\"elementor-widget-container\">\n\t\t\t\t\t\t\t<div class=\"elementor-spacer\">\n\t\t\t<div class=\"elementor-spacer-inner\"><\/div>\n\t\t<\/div>\n\t\t\t\t\t\t<\/div>\n\t\t\t\t<\/div>\n\t\t\t\t\t<\/div>\n\t\t<\/div>\n\t\t\t\t\t<\/div>\n\t\t<\/section>\n\t\t\t\t<\/div>\n\t\t","protected":false},"excerpt":{"rendered":"<p>monmenut Declaraci\u00f3n de accesibilidad La entidad Sabina Beltran Segura se ha comprometido a hacer accesible su sitio web de conformidad con el Real Decreto 1112\/2018, de 7 de septiembre, sobre&hellip;<\/p>\n","protected":false},"author":1,"featured_media":0,"parent":21176,"menu_order":0,"comment_status":"closed","ping_status":"closed","template":"","meta":{"footnotes":""},"class_list":["post-21775","page","type-page","status-publish","hentry"],"yoast_head":"<!-- This site is optimized with the Yoast SEO plugin v26.1.1 - https:\/\/yoast.com\/wordpress\/plugins\/seo\/ -->\n<title>Declaraci\u00f3n de accesibilidad - Benvinguts a Monmenut<\/title>\n<meta name=\"robots\" content=\"index, follow, max-snippet:-1, max-image-preview:large, max-video-preview:-1\" \/>\n<link rel=\"canonical\" href=\"https:\/\/monmenut.cat\/es\/aviso-legal\/declaracion-de-accesibilidad\/\" \/>\n<meta property=\"og:locale\" content=\"es_ES\" \/>\n<meta property=\"og:type\" content=\"article\" \/>\n<meta property=\"og:title\" content=\"Declaraci\u00f3n de accesibilidad - Benvinguts a Monmenut\" \/>\n<meta property=\"og:description\" content=\"monmenut Declaraci\u00f3n de accesibilidad La entidad Sabina Beltran Segura se ha comprometido a hacer accesible su sitio web de conformidad con el Real Decreto 1112\/2018, de 7 de septiembre, sobre&hellip;\" \/>\n<meta property=\"og:url\" content=\"https:\/\/monmenut.cat\/es\/aviso-legal\/declaracion-de-accesibilidad\/\" \/>\n<meta property=\"og:site_name\" content=\"Benvinguts a Monmenut\" \/>\n<meta property=\"article:modified_time\" content=\"2025-05-28T18:19:19+00:00\" \/>\n<meta property=\"og:image\" content=\"https:\/\/monmenut.cat\/wp-content\/uploads\/2024\/12\/montmenut-alcanar-portada.jpg\" \/>\n\t<meta property=\"og:image:width\" content=\"2048\" \/>\n\t<meta property=\"og:image:height\" content=\"1365\" \/>\n\t<meta property=\"og:image:type\" content=\"image\/jpeg\" \/>\n<meta name=\"twitter:card\" content=\"summary_large_image\" \/>\n<meta name=\"twitter:label1\" content=\"Tiempo de lectura\" \/>\n\t<meta name=\"twitter:data1\" content=\"5 minutos\" \/>\n<script type=\"application\/ld+json\" class=\"yoast-schema-graph\">{\"@context\":\"https:\/\/schema.org\",\"@graph\":[{\"@type\":\"WebPage\",\"@id\":\"https:\/\/monmenut.cat\/es\/aviso-legal\/declaracion-de-accesibilidad\/\",\"url\":\"https:\/\/monmenut.cat\/es\/aviso-legal\/declaracion-de-accesibilidad\/\",\"name\":\"Declaraci\u00f3n de accesibilidad - Benvinguts a Monmenut\",\"isPartOf\":{\"@id\":\"https:\/\/monmenut.cat\/#website\"},\"datePublished\":\"2025-01-30T09:21:58+00:00\",\"dateModified\":\"2025-05-28T18:19:19+00:00\",\"breadcrumb\":{\"@id\":\"https:\/\/monmenut.cat\/es\/aviso-legal\/declaracion-de-accesibilidad\/#breadcrumb\"},\"inLanguage\":\"es\",\"potentialAction\":[{\"@type\":\"ReadAction\",\"target\":[\"https:\/\/monmenut.cat\/es\/aviso-legal\/declaracion-de-accesibilidad\/\"]}]},{\"@type\":\"BreadcrumbList\",\"@id\":\"https:\/\/monmenut.cat\/es\/aviso-legal\/declaracion-de-accesibilidad\/#breadcrumb\",\"itemListElement\":[{\"@type\":\"ListItem\",\"position\":1,\"name\":\"Inici\",\"item\":\"https:\/\/monmenut.cat\/es\/inicio\/\"},{\"@type\":\"ListItem\",\"position\":2,\"name\":\"Aviso legal\",\"item\":\"https:\/\/monmenut.cat\/es\/aviso-legal\/\"},{\"@type\":\"ListItem\",\"position\":3,\"name\":\"Declaraci\u00f3n de accesibilidad\"}]},{\"@type\":\"WebSite\",\"@id\":\"https:\/\/monmenut.cat\/#website\",\"url\":\"https:\/\/monmenut.cat\/\",\"name\":\"Benvinguts a Monmenut\",\"description\":\"El teu espai per als m\u00e9s petits!\",\"publisher\":{\"@id\":\"https:\/\/monmenut.cat\/#organization\"},\"potentialAction\":[{\"@type\":\"SearchAction\",\"target\":{\"@type\":\"EntryPoint\",\"urlTemplate\":\"https:\/\/monmenut.cat\/?s={search_term_string}\"},\"query-input\":{\"@type\":\"PropertyValueSpecification\",\"valueRequired\":true,\"valueName\":\"search_term_string\"}}],\"inLanguage\":\"es\"},{\"@type\":\"Organization\",\"@id\":\"https:\/\/monmenut.cat\/#organization\",\"name\":\"Monmenut\",\"url\":\"https:\/\/monmenut.cat\/\",\"logo\":{\"@type\":\"ImageObject\",\"inLanguage\":\"es\",\"@id\":\"https:\/\/monmenut.cat\/#\/schema\/logo\/image\/\",\"url\":\"https:\/\/monmenut.cat\/wp-content\/uploads\/2021\/08\/cropped-monmenut-logo-e1736855864428.png\",\"contentUrl\":\"https:\/\/monmenut.cat\/wp-content\/uploads\/2021\/08\/cropped-monmenut-logo-e1736855864428.png\",\"width\":864,\"height\":157,\"caption\":\"Monmenut\"},\"image\":{\"@id\":\"https:\/\/monmenut.cat\/#\/schema\/logo\/image\/\"}}]}<\/script>\n<!-- \/ Yoast SEO plugin. -->","yoast_head_json":{"title":"Declaraci\u00f3n de accesibilidad - Benvinguts a Monmenut","robots":{"index":"index","follow":"follow","max-snippet":"max-snippet:-1","max-image-preview":"max-image-preview:large","max-video-preview":"max-video-preview:-1"},"canonical":"https:\/\/monmenut.cat\/es\/aviso-legal\/declaracion-de-accesibilidad\/","og_locale":"es_ES","og_type":"article","og_title":"Declaraci\u00f3n de accesibilidad - Benvinguts a Monmenut","og_description":"monmenut Declaraci\u00f3n de accesibilidad La entidad Sabina Beltran Segura se ha comprometido a hacer accesible su sitio web de conformidad con el Real Decreto 1112\/2018, de 7 de septiembre, sobre&hellip;","og_url":"https:\/\/monmenut.cat\/es\/aviso-legal\/declaracion-de-accesibilidad\/","og_site_name":"Benvinguts a Monmenut","article_modified_time":"2025-05-28T18:19:19+00:00","og_image":[{"width":2048,"height":1365,"url":"https:\/\/monmenut.cat\/wp-content\/uploads\/2024\/12\/montmenut-alcanar-portada.jpg","type":"image\/jpeg"}],"twitter_card":"summary_large_image","twitter_misc":{"Tiempo de lectura":"5 minutos"},"schema":{"@context":"https:\/\/schema.org","@graph":[{"@type":"WebPage","@id":"https:\/\/monmenut.cat\/es\/aviso-legal\/declaracion-de-accesibilidad\/","url":"https:\/\/monmenut.cat\/es\/aviso-legal\/declaracion-de-accesibilidad\/","name":"Declaraci\u00f3n de accesibilidad - Benvinguts a Monmenut","isPartOf":{"@id":"https:\/\/monmenut.cat\/#website"},"datePublished":"2025-01-30T09:21:58+00:00","dateModified":"2025-05-28T18:19:19+00:00","breadcrumb":{"@id":"https:\/\/monmenut.cat\/es\/aviso-legal\/declaracion-de-accesibilidad\/#breadcrumb"},"inLanguage":"es","potentialAction":[{"@type":"ReadAction","target":["https:\/\/monmenut.cat\/es\/aviso-legal\/declaracion-de-accesibilidad\/"]}]},{"@type":"BreadcrumbList","@id":"https:\/\/monmenut.cat\/es\/aviso-legal\/declaracion-de-accesibilidad\/#breadcrumb","itemListElement":[{"@type":"ListItem","position":1,"name":"Inici","item":"https:\/\/monmenut.cat\/es\/inicio\/"},{"@type":"ListItem","position":2,"name":"Aviso legal","item":"https:\/\/monmenut.cat\/es\/aviso-legal\/"},{"@type":"ListItem","position":3,"name":"Declaraci\u00f3n de accesibilidad"}]},{"@type":"WebSite","@id":"https:\/\/monmenut.cat\/#website","url":"https:\/\/monmenut.cat\/","name":"Benvinguts a Monmenut","description":"El teu espai per als m\u00e9s petits!","publisher":{"@id":"https:\/\/monmenut.cat\/#organization"},"potentialAction":[{"@type":"SearchAction","target":{"@type":"EntryPoint","urlTemplate":"https:\/\/monmenut.cat\/?s={search_term_string}"},"query-input":{"@type":"PropertyValueSpecification","valueRequired":true,"valueName":"search_term_string"}}],"inLanguage":"es"},{"@type":"Organization","@id":"https:\/\/monmenut.cat\/#organization","name":"Monmenut","url":"https:\/\/monmenut.cat\/","logo":{"@type":"ImageObject","inLanguage":"es","@id":"https:\/\/monmenut.cat\/#\/schema\/logo\/image\/","url":"https:\/\/monmenut.cat\/wp-content\/uploads\/2021\/08\/cropped-monmenut-logo-e1736855864428.png","contentUrl":"https:\/\/monmenut.cat\/wp-content\/uploads\/2021\/08\/cropped-monmenut-logo-e1736855864428.png","width":864,"height":157,"caption":"Monmenut"},"image":{"@id":"https:\/\/monmenut.cat\/#\/schema\/logo\/image\/"}}]}},"_links":{"self":[{"href":"https:\/\/monmenut.cat\/es\/wp-json\/wp\/v2\/pages\/21775","targetHints":{"allow":["GET"]}}],"collection":[{"href":"https:\/\/monmenut.cat\/es\/wp-json\/wp\/v2\/pages"}],"about":[{"href":"https:\/\/monmenut.cat\/es\/wp-json\/wp\/v2\/types\/page"}],"author":[{"embeddable":true,"href":"https:\/\/monmenut.cat\/es\/wp-json\/wp\/v2\/users\/1"}],"replies":[{"embeddable":true,"href":"https:\/\/monmenut.cat\/es\/wp-json\/wp\/v2\/comments?post=21775"}],"version-history":[{"count":3,"href":"https:\/\/monmenut.cat\/es\/wp-json\/wp\/v2\/pages\/21775\/revisions"}],"predecessor-version":[{"id":21795,"href":"https:\/\/monmenut.cat\/es\/wp-json\/wp\/v2\/pages\/21775\/revisions\/21795"}],"up":[{"embeddable":true,"href":"https:\/\/monmenut.cat\/es\/wp-json\/wp\/v2\/pages\/21176"}],"wp:attachment":[{"href":"https:\/\/monmenut.cat\/es\/wp-json\/wp\/v2\/media?parent=21775"}],"curies":[{"name":"wp","href":"https:\/\/api.w.org\/{rel}","templated":true}]}}