{"id":21181,"date":"2025-02-20T11:49:46","date_gmt":"2025-02-20T09:49:46","guid":{"rendered":"https:\/\/monmenut.cat\/aviso-legal\/politica-de-cookies\/"},"modified":"2025-01-07T15:59:05","modified_gmt":"2025-01-07T13:59:05","slug":"politica-de-cookies","status":"publish","type":"page","link":"https:\/\/monmenut.cat\/es\/aviso-legal\/politica-de-cookies\/","title":{"rendered":"Pol\u00edtica de cookies"},"content":{"rendered":"\t\t<div data-elementor-type=\"wp-page\" data-elementor-id=\"21181\" class=\"elementor elementor-21181 elementor-20732\" data-elementor-post-type=\"page\">\n\t\t\t\t\t\t<section class=\"elementor-section elementor-top-section elementor-element elementor-element-838229e elementor-section-full_width elementor-section-height-default elementor-section-height-default sc_fly_static\" data-id=\"838229e\" data-element_type=\"section\">\n\t\t\t\t\t\t<div class=\"elementor-container elementor-column-gap-extended\">\n\t\t\t\t\t<div class=\"elementor-column elementor-col-100 elementor-top-column elementor-element elementor-element-62ebb7a sc_content_align_inherit sc_layouts_column_icons_position_left sc_fly_static\" data-id=\"62ebb7a\" data-element_type=\"column\">\n\t\t\t<div class=\"elementor-widget-wrap elementor-element-populated\">\n\t\t\t\t\t\t<div class=\"elementor-element elementor-element-f327a2a sc_fly_static elementor-widget elementor-widget-spacer\" data-id=\"f327a2a\" data-element_type=\"widget\" data-widget_type=\"spacer.default\">\n\t\t\t\t<div class=\"elementor-widget-container\">\n\t\t\t\t\t\t\t<div class=\"elementor-spacer\">\n\t\t\t<div class=\"elementor-spacer-inner\"><\/div>\n\t\t<\/div>\n\t\t\t\t\t\t<\/div>\n\t\t\t\t<\/div>\n\t\t\t\t<div class=\"elementor-element elementor-element-ec18131 sc_fly_static elementor-widget elementor-widget-trx_sc_title\" data-id=\"ec18131\" data-element_type=\"widget\" data-widget_type=\"trx_sc_title.default\">\n\t\t\t\t<div class=\"elementor-widget-container\">\n\t\t\t\t\t<div\t\tclass=\"sc_title sc_title_default\" ><span class=\"sc_item_subtitle sc_title_subtitle sc_item_subtitle_above sc_item_title_style_default\">AvIso legal<\/span><h2 class=\"sc_item_title sc_title_title sc_item_title_style_default\"\n\t\t\t><span class=\"sc_item_title_text\">Pol\u00edtica de cookies<\/span><\/h2><\/div>\t\t\t\t<\/div>\n\t\t\t\t<\/div>\n\t\t\t\t<div class=\"elementor-element elementor-element-440c5d7 sc_fly_static elementor-widget elementor-widget-spacer\" data-id=\"440c5d7\" data-element_type=\"widget\" data-widget_type=\"spacer.default\">\n\t\t\t\t<div class=\"elementor-widget-container\">\n\t\t\t\t\t\t\t<div class=\"elementor-spacer\">\n\t\t\t<div class=\"elementor-spacer-inner\"><\/div>\n\t\t<\/div>\n\t\t\t\t\t\t<\/div>\n\t\t\t\t<\/div>\n\t\t\t\t<div class=\"elementor-element elementor-element-45f27ba sc_fly_static elementor-widget elementor-widget-toggle\" data-id=\"45f27ba\" data-element_type=\"widget\" data-widget_type=\"toggle.default\">\n\t\t\t\t<div class=\"elementor-widget-container\">\n\t\t\t\t\t\t\t<div class=\"elementor-toggle\">\n\t\t\t\t\t\t\t<div class=\"elementor-toggle-item\">\n\t\t\t\t\t<div id=\"elementor-tab-title-7331\" class=\"elementor-tab-title\" data-tab=\"1\" role=\"button\" aria-controls=\"elementor-tab-content-7331\" aria-expanded=\"false\">\n\t\t\t\t\t\t\t\t\t\t\t\t<span class=\"elementor-toggle-icon elementor-toggle-icon-left\" aria-hidden=\"true\">\n\t\t\t\t\t\t\t\t\t\t\t\t\t\t\t<span class=\"elementor-toggle-icon-closed\"><i class=\"fas fa-plus\"><\/i><\/span>\n\t\t\t\t\t\t\t\t<span class=\"elementor-toggle-icon-opened\"><i class=\"elementor-toggle-icon-opened fas fa-minus\"><\/i><\/span>\n\t\t\t\t\t\t\t\t\t\t\t\t\t<\/span>\n\t\t\t\t\t\t\t\t\t\t\t\t<a class=\"elementor-toggle-title\" tabindex=\"0\">Informaci\u00f3n<\/a>\n\t\t\t\t\t<\/div>\n\n\t\t\t\t\t<div id=\"elementor-tab-content-7331\" class=\"elementor-tab-content elementor-clearfix\" data-tab=\"1\" role=\"region\" aria-labelledby=\"elementor-tab-title-7331\"><p>Una cookie es un peque\u00f1o archivo de texto que se almacena en su navegador cuando visita casi cualquier p\u00e1gina web. Su utilidad es que la web sea capaz de recordar su visita cuando vuelva a navegar por esta p\u00e1gina. Las cookies suelen almacenar informaci\u00f3n de car\u00e1cter t\u00e9cnico, preferencias personales, personalizaci\u00f3n de contenidos, estad\u00edsticas de uso, enlaces a redes sociales, acceso a cuentas de usuario, etc. El objetivo de la cookie es adaptar el contenido de la web a su perfil y necesidades, sin cookies los servicios ofrecidos por cualquier p\u00e1gina se ver\u00edan mermados notablemente. Si desea consultar m\u00e1s informaci\u00f3n sobre qu\u00e9 son las cookies, qu\u00e9 almacenan, c\u00f3mo eliminarlas, desactivarlas, etc., le rogamos se dirija a este <a href=\"https:\/\/monmenut.cat\/es\/aviso-legal\/mas-informacion-sobre-las-cookies\/\">enlace<\/a>.<\/p>\n<\/div>\n\t\t\t\t<\/div>\n\t\t\t\t\t\t\t<div class=\"elementor-toggle-item\">\n\t\t\t\t\t<div id=\"elementor-tab-title-7332\" class=\"elementor-tab-title\" data-tab=\"2\" role=\"button\" aria-controls=\"elementor-tab-content-7332\" aria-expanded=\"false\">\n\t\t\t\t\t\t\t\t\t\t\t\t<span class=\"elementor-toggle-icon elementor-toggle-icon-left\" aria-hidden=\"true\">\n\t\t\t\t\t\t\t\t\t\t\t\t\t\t\t<span class=\"elementor-toggle-icon-closed\"><i class=\"fas fa-plus\"><\/i><\/span>\n\t\t\t\t\t\t\t\t<span class=\"elementor-toggle-icon-opened\"><i class=\"elementor-toggle-icon-opened fas fa-minus\"><\/i><\/span>\n\t\t\t\t\t\t\t\t\t\t\t\t\t<\/span>\n\t\t\t\t\t\t\t\t\t\t\t\t<a class=\"elementor-toggle-title\" tabindex=\"0\">Cookies utilizadas en este sitio web<\/a>\n\t\t\t\t\t<\/div>\n\n\t\t\t\t\t<div id=\"elementor-tab-content-7332\" class=\"elementor-tab-content elementor-clearfix\" data-tab=\"2\" role=\"region\" aria-labelledby=\"elementor-tab-title-7332\"><p>Siguiendo las directrices de la Agencia Espa\u00f1ola de Protecci\u00f3n de Datos procedemos a detallar el uso de cookies que hace esta web para informarle con la m\u00e1xima exactitud posible.<\/p>\n<p>Este sitio web utiliza las cookies propias:<\/p>\n<p><strong><em>Cookies de sesi\u00f3n<\/em><\/strong>, para garantizar que los usuarios que escriban comentarios en tu blog sean humanos y no aplicaciones automatizadas. De esta manera se combate el spam.<\/p>\n<p>Este sitio web utiliza las cookies de terceros siguientes:<\/p>\n<p><em><strong>Google Analytics:<\/strong><\/em> Almacena cookies para poder elaborar estad\u00edsticas sobre el tr\u00e1fico y volumen de visitas de esta web. Al utilizar este sitio web est\u00e1 consintiendo el tratamiento de informaci\u00f3n sobre usted por Google. Por tanto, el ejercicio de cualquier derecho en este sentido deber\u00e1 hacerlo comunicando directamente con Google.<br \/><strong><em>Redes sociales:<\/em><\/strong> Cada red social utiliza sus propias cookies para que pueda pinchar en botones del tipo Me gusta o Compartir.<\/p>\n<\/div>\n\t\t\t\t<\/div>\n\t\t\t\t\t\t\t<div class=\"elementor-toggle-item\">\n\t\t\t\t\t<div id=\"elementor-tab-title-7333\" class=\"elementor-tab-title\" data-tab=\"3\" role=\"button\" aria-controls=\"elementor-tab-content-7333\" aria-expanded=\"false\">\n\t\t\t\t\t\t\t\t\t\t\t\t<span class=\"elementor-toggle-icon elementor-toggle-icon-left\" aria-hidden=\"true\">\n\t\t\t\t\t\t\t\t\t\t\t\t\t\t\t<span class=\"elementor-toggle-icon-closed\"><i class=\"fas fa-plus\"><\/i><\/span>\n\t\t\t\t\t\t\t\t<span class=\"elementor-toggle-icon-opened\"><i class=\"elementor-toggle-icon-opened fas fa-minus\"><\/i><\/span>\n\t\t\t\t\t\t\t\t\t\t\t\t\t<\/span>\n\t\t\t\t\t\t\t\t\t\t\t\t<a class=\"elementor-toggle-title\" tabindex=\"0\">Desactivaci\u00f3n o eliminaci\u00f3n de cookies<\/a>\n\t\t\t\t\t<\/div>\n\n\t\t\t\t\t<div id=\"elementor-tab-content-7333\" class=\"elementor-tab-content elementor-clearfix\" data-tab=\"3\" role=\"region\" aria-labelledby=\"elementor-tab-title-7333\"><p>En cualquier momento podemos ejercer su derecho de desactivaci\u00f3n o eliminaci\u00f3n de cookies de este sitio web. Estas acciones se realizan de forma diferente en funci\u00f3n del navegador que utilice. Aqu\u00ed le dejamos una gu\u00eda r\u00e1pida para los <a href=\"https:\/\/monmenut.cat\/es\/aviso-legal\/mas-informacion-sobre-las-cookies\/\">navegadores m\u00e1s populares<\/a>.<\/p>\n<\/div>\n\t\t\t\t<\/div>\n\t\t\t\t\t\t\t<div class=\"elementor-toggle-item\">\n\t\t\t\t\t<div id=\"elementor-tab-title-7334\" class=\"elementor-tab-title\" data-tab=\"4\" role=\"button\" aria-controls=\"elementor-tab-content-7334\" aria-expanded=\"false\">\n\t\t\t\t\t\t\t\t\t\t\t\t<span class=\"elementor-toggle-icon elementor-toggle-icon-left\" aria-hidden=\"true\">\n\t\t\t\t\t\t\t\t\t\t\t\t\t\t\t<span class=\"elementor-toggle-icon-closed\"><i class=\"fas fa-plus\"><\/i><\/span>\n\t\t\t\t\t\t\t\t<span class=\"elementor-toggle-icon-opened\"><i class=\"elementor-toggle-icon-opened fas fa-minus\"><\/i><\/span>\n\t\t\t\t\t\t\t\t\t\t\t\t\t<\/span>\n\t\t\t\t\t\t\t\t\t\t\t\t<a class=\"elementor-toggle-title\" tabindex=\"0\">Notas adicionales<\/a>\n\t\t\t\t\t<\/div>\n\n\t\t\t\t\t<div id=\"elementor-tab-content-7334\" class=\"elementor-tab-content elementor-clearfix\" data-tab=\"4\" role=\"region\" aria-labelledby=\"elementor-tab-title-7334\"><ul>\n<li>Ni esta web ni sus representantes legales se hacen responsables ni del contenido ni de la veracidad de las pol\u00edticas de privacidad que puedan tener los terceros citados en esta pol\u00edtica de cookies.<\/li>\n<li>Los navegadores web son las herramientas encargadas de almacenar las cookies y desde este sitio debe efectuar el derecho a eliminarlo o desactivarlo. Ni esta web ni sus representantes legales pueden garantizar la correcta o incorrecta manipulaci\u00f3n de las cookies por parte de dichos navegadores.<\/li>\n<li>En algunos casos es necesario instalar cookies para que el navegador no olvide su decisi\u00f3n de no aceptarlas.<\/li>\n<li>En el caso de las cookies de Google Analytics, esta empresa almacena las cookies en servidores ubicados en Estados Unidos y se compromete a no compartirla con terceros, salvo en los casos en que sea necesario para el funcionamiento del sistema o cuando la ley obligue a tal efecto. Seg\u00fan Google no guarda su direcci\u00f3n IP. Google Inc. es una compa\u00f1\u00eda adherida al Acuerdo de Port Segur que garantiza que todos los datos transferidos ser\u00e1n tratados con un nivel de protecci\u00f3n acorde con la normativa europea. Puede consultar informaci\u00f3n detallada en este enlace. Si desea informaci\u00f3n sobre el uso que Google da a las cookies le adjuntamos este otro enlace.<br \/>Para cualquier duda o consulta sobre esta pol\u00edtica de cookies no dude en comunicarse con nosotros a trav\u00e9s de la secci\u00f3n de contacto.<\/li>\n<\/ul>\n<ul>\n<li>Para m\u00e1s informaci\u00f3n sobre el uso de cookies no deje de visitar el siguiente enlace <a href=\"https:\/\/monmenut.cat\/es\/aviso-legal\/mas-informacion-sobre-las-cookies\/\">M\u00e1s informaci\u00f3n sobre la pol\u00edtica de cookies<\/a>.<\/li>\n<\/ul>\n<\/div>\n\t\t\t\t<\/div>\n\t\t\t\t\t\t\t\t\t\t<script type=\"application\/ld+json\">{\"@context\":\"https:\\\/\\\/schema.org\",\"@type\":\"FAQPage\",\"mainEntity\":[{\"@type\":\"Question\",\"name\":\"Informaci\\u00f3n\",\"acceptedAnswer\":{\"@type\":\"Answer\",\"text\":\"<p>Una cookie es un peque\\u00f1o archivo de texto que se almacena en su navegador cuando visita casi cualquier p\\u00e1gina web. Su utilidad es que la web sea capaz de recordar su visita cuando vuelva a navegar por esta p\\u00e1gina. Las cookies suelen almacenar informaci\\u00f3n de car\\u00e1cter t\\u00e9cnico, preferencias personales, personalizaci\\u00f3n de contenidos, estad\\u00edsticas de uso, enlaces a redes sociales, acceso a cuentas de usuario, etc. El objetivo de la cookie es adaptar el contenido de la web a su perfil y necesidades, sin cookies los servicios ofrecidos por cualquier p\\u00e1gina se ver\\u00edan mermados notablemente. Si desea consultar m\\u00e1s informaci\\u00f3n sobre qu\\u00e9 son las cookies, qu\\u00e9 almacenan, c\\u00f3mo eliminarlas, desactivarlas, etc., le rogamos se dirija a este <a href=\\\"https:\\\/\\\/monmenut.cat\\\/es\\\/aviso-legal\\\/mas-informacion-sobre-las-cookies\\\/\\\">enlace<\\\/a>.<\\\/p>\\n\"}},{\"@type\":\"Question\",\"name\":\"Cookies utilizadas en este sitio web\",\"acceptedAnswer\":{\"@type\":\"Answer\",\"text\":\"<p>Siguiendo las directrices de la Agencia Espa\\u00f1ola de Protecci\\u00f3n de Datos procedemos a detallar el uso de cookies que hace esta web para informarle con la m\\u00e1xima exactitud posible.<\\\/p>\\n<p>Este sitio web utiliza las cookies propias:<\\\/p>\\n<p><strong><em>Cookies de sesi\\u00f3n<\\\/em><\\\/strong>, para garantizar que los usuarios que escriban comentarios en tu blog sean humanos y no aplicaciones automatizadas. De esta manera se combate el spam.<\\\/p>\\n<p>Este sitio web utiliza las cookies de terceros siguientes:<\\\/p>\\n<p><em><strong>Google Analytics:<\\\/strong><\\\/em> Almacena cookies para poder elaborar estad\\u00edsticas sobre el tr\\u00e1fico y volumen de visitas de esta web. Al utilizar este sitio web est\\u00e1 consintiendo el tratamiento de informaci\\u00f3n sobre usted por Google. Por tanto, el ejercicio de cualquier derecho en este sentido deber\\u00e1 hacerlo comunicando directamente con Google.<br \\\/><strong><em>Redes sociales:<\\\/em><\\\/strong> Cada red social utiliza sus propias cookies para que pueda pinchar en botones del tipo Me gusta o Compartir.<\\\/p>\\n\"}},{\"@type\":\"Question\",\"name\":\"Desactivaci\\u00f3n o eliminaci\\u00f3n de cookies\",\"acceptedAnswer\":{\"@type\":\"Answer\",\"text\":\"<p>En cualquier momento podemos ejercer su derecho de desactivaci\\u00f3n o eliminaci\\u00f3n de cookies de este sitio web. Estas acciones se realizan de forma diferente en funci\\u00f3n del navegador que utilice. Aqu\\u00ed le dejamos una gu\\u00eda r\\u00e1pida para los <a href=\\\"https:\\\/\\\/monmenut.cat\\\/es\\\/aviso-legal\\\/mas-informacion-sobre-las-cookies\\\/\\\">navegadores m\\u00e1s populares<\\\/a>.<\\\/p>\\n\"}},{\"@type\":\"Question\",\"name\":\"Notas adicionales\",\"acceptedAnswer\":{\"@type\":\"Answer\",\"text\":\"<ul>\\n<li>Ni esta web ni sus representantes legales se hacen responsables ni del contenido ni de la veracidad de las pol\\u00edticas de privacidad que puedan tener los terceros citados en esta pol\\u00edtica de cookies.<\\\/li>\\n<li>Los navegadores web son las herramientas encargadas de almacenar las cookies y desde este sitio debe efectuar el derecho a eliminarlo o desactivarlo. Ni esta web ni sus representantes legales pueden garantizar la correcta o incorrecta manipulaci\\u00f3n de las cookies por parte de dichos navegadores.<\\\/li>\\n<li>En algunos casos es necesario instalar cookies para que el navegador no olvide su decisi\\u00f3n de no aceptarlas.<\\\/li>\\n<li>En el caso de las cookies de Google Analytics, esta empresa almacena las cookies en servidores ubicados en Estados Unidos y se compromete a no compartirla con terceros, salvo en los casos en que sea necesario para el funcionamiento del sistema o cuando la ley obligue a tal efecto. Seg\\u00fan Google no guarda su direcci\\u00f3n IP. Google Inc. es una compa\\u00f1\\u00eda adherida al Acuerdo de Port Segur que garantiza que todos los datos transferidos ser\\u00e1n tratados con un nivel de protecci\\u00f3n acorde con la normativa europea. Puede consultar informaci\\u00f3n detallada en este enlace. Si desea informaci\\u00f3n sobre el uso que Google da a las cookies le adjuntamos este otro enlace.<br \\\/>Para cualquier duda o consulta sobre esta pol\\u00edtica de cookies no dude en comunicarse con nosotros a trav\\u00e9s de la secci\\u00f3n de contacto.<\\\/li>\\n<\\\/ul>\\n<ul>\\n<li>Para m\\u00e1s informaci\\u00f3n sobre el uso de cookies no deje de visitar el siguiente enlace <a href=\\\"https:\\\/\\\/monmenut.cat\\\/es\\\/aviso-legal\\\/mas-informacion-sobre-las-cookies\\\/\\\">M\\u00e1s informaci\\u00f3n sobre la pol\\u00edtica de cookies<\\\/a>.<\\\/li>\\n<\\\/ul>\\n\"}}]}<\/script>\n\t\t\t\t\t<\/div>\n\t\t\t\t\t\t<\/div>\n\t\t\t\t<\/div>\n\t\t\t\t<div class=\"elementor-element elementor-element-779fb07 sc_fly_static elementor-widget elementor-widget-spacer\" data-id=\"779fb07\" data-element_type=\"widget\" data-widget_type=\"spacer.default\">\n\t\t\t\t<div class=\"elementor-widget-container\">\n\t\t\t\t\t\t\t<div class=\"elementor-spacer\">\n\t\t\t<div class=\"elementor-spacer-inner\"><\/div>\n\t\t<\/div>\n\t\t\t\t\t\t<\/div>\n\t\t\t\t<\/div>\n\t\t\t\t\t<\/div>\n\t\t<\/div>\n\t\t\t\t\t<\/div>\n\t\t<\/section>\n\t\t\t\t<\/div>\n\t\t","protected":false},"excerpt":{"rendered":"<p>AvIso legal Pol\u00edtica de cookies Informaci\u00f3n Una cookie es un peque\u00f1o archivo de texto que se almacena en su navegador cuando visita casi cualquier p\u00e1gina web. Su utilidad es que&hellip;<\/p>\n","protected":false},"author":1,"featured_media":0,"parent":21176,"menu_order":0,"comment_status":"closed","ping_status":"closed","template":"","meta":{"footnotes":""},"class_list":["post-21181","page","type-page","status-publish","hentry"],"yoast_head":"<!-- This site is optimized with the Yoast SEO plugin v26.1.1 - https:\/\/yoast.com\/wordpress\/plugins\/seo\/ -->\n<title>Pol\u00edtica de cookies - Benvinguts a Monmenut<\/title>\n<meta name=\"robots\" content=\"index, follow, max-snippet:-1, max-image-preview:large, max-video-preview:-1\" \/>\n<link rel=\"canonical\" href=\"https:\/\/monmenut.cat\/es\/aviso-legal\/politica-de-cookies\/\" \/>\n<meta property=\"og:locale\" content=\"es_ES\" \/>\n<meta property=\"og:type\" content=\"article\" \/>\n<meta property=\"og:title\" content=\"Pol\u00edtica de cookies - Benvinguts a Monmenut\" \/>\n<meta property=\"og:description\" content=\"AvIso legal Pol\u00edtica de cookies Informaci\u00f3n Una cookie es un peque\u00f1o archivo de texto que se almacena en su navegador cuando visita casi cualquier p\u00e1gina web. Su utilidad es que&hellip;\" \/>\n<meta property=\"og:url\" content=\"https:\/\/monmenut.cat\/es\/aviso-legal\/politica-de-cookies\/\" \/>\n<meta property=\"og:site_name\" content=\"Benvinguts a Monmenut\" \/>\n<meta property=\"og:image\" content=\"https:\/\/monmenut.cat\/wp-content\/uploads\/2024\/12\/montmenut-alcanar-portada.jpg\" \/>\n\t<meta property=\"og:image:width\" content=\"2048\" \/>\n\t<meta property=\"og:image:height\" content=\"1365\" \/>\n\t<meta property=\"og:image:type\" content=\"image\/jpeg\" \/>\n<meta name=\"twitter:card\" content=\"summary_large_image\" \/>\n<meta name=\"twitter:label1\" content=\"Tiempo de lectura\" \/>\n\t<meta name=\"twitter:data1\" content=\"3 minutos\" \/>\n<script type=\"application\/ld+json\" class=\"yoast-schema-graph\">{\"@context\":\"https:\/\/schema.org\",\"@graph\":[{\"@type\":\"WebPage\",\"@id\":\"https:\/\/monmenut.cat\/es\/aviso-legal\/politica-de-cookies\/\",\"url\":\"https:\/\/monmenut.cat\/es\/aviso-legal\/politica-de-cookies\/\",\"name\":\"Pol\u00edtica de cookies - Benvinguts a Monmenut\",\"isPartOf\":{\"@id\":\"https:\/\/monmenut.cat\/#website\"},\"datePublished\":\"2025-02-20T09:49:46+00:00\",\"breadcrumb\":{\"@id\":\"https:\/\/monmenut.cat\/es\/aviso-legal\/politica-de-cookies\/#breadcrumb\"},\"inLanguage\":\"es\",\"potentialAction\":[{\"@type\":\"ReadAction\",\"target\":[\"https:\/\/monmenut.cat\/es\/aviso-legal\/politica-de-cookies\/\"]}]},{\"@type\":\"BreadcrumbList\",\"@id\":\"https:\/\/monmenut.cat\/es\/aviso-legal\/politica-de-cookies\/#breadcrumb\",\"itemListElement\":[{\"@type\":\"ListItem\",\"position\":1,\"name\":\"Inici\",\"item\":\"https:\/\/monmenut.cat\/es\/inicio\/\"},{\"@type\":\"ListItem\",\"position\":2,\"name\":\"Aviso legal\",\"item\":\"https:\/\/monmenut.cat\/es\/aviso-legal\/\"},{\"@type\":\"ListItem\",\"position\":3,\"name\":\"Pol\u00edtica de cookies\"}]},{\"@type\":\"WebSite\",\"@id\":\"https:\/\/monmenut.cat\/#website\",\"url\":\"https:\/\/monmenut.cat\/\",\"name\":\"Benvinguts a Monmenut\",\"description\":\"El teu espai per als m\u00e9s petits!\",\"publisher\":{\"@id\":\"https:\/\/monmenut.cat\/#organization\"},\"potentialAction\":[{\"@type\":\"SearchAction\",\"target\":{\"@type\":\"EntryPoint\",\"urlTemplate\":\"https:\/\/monmenut.cat\/?s={search_term_string}\"},\"query-input\":{\"@type\":\"PropertyValueSpecification\",\"valueRequired\":true,\"valueName\":\"search_term_string\"}}],\"inLanguage\":\"es\"},{\"@type\":\"Organization\",\"@id\":\"https:\/\/monmenut.cat\/#organization\",\"name\":\"Monmenut\",\"url\":\"https:\/\/monmenut.cat\/\",\"logo\":{\"@type\":\"ImageObject\",\"inLanguage\":\"es\",\"@id\":\"https:\/\/monmenut.cat\/#\/schema\/logo\/image\/\",\"url\":\"https:\/\/monmenut.cat\/wp-content\/uploads\/2021\/08\/cropped-monmenut-logo-e1736855864428.png\",\"contentUrl\":\"https:\/\/monmenut.cat\/wp-content\/uploads\/2021\/08\/cropped-monmenut-logo-e1736855864428.png\",\"width\":864,\"height\":157,\"caption\":\"Monmenut\"},\"image\":{\"@id\":\"https:\/\/monmenut.cat\/#\/schema\/logo\/image\/\"}}]}<\/script>\n<!-- \/ Yoast SEO plugin. -->","yoast_head_json":{"title":"Pol\u00edtica de cookies - Benvinguts a Monmenut","robots":{"index":"index","follow":"follow","max-snippet":"max-snippet:-1","max-image-preview":"max-image-preview:large","max-video-preview":"max-video-preview:-1"},"canonical":"https:\/\/monmenut.cat\/es\/aviso-legal\/politica-de-cookies\/","og_locale":"es_ES","og_type":"article","og_title":"Pol\u00edtica de cookies - Benvinguts a Monmenut","og_description":"AvIso legal Pol\u00edtica de cookies Informaci\u00f3n Una cookie es un peque\u00f1o archivo de texto que se almacena en su navegador cuando visita casi cualquier p\u00e1gina web. Su utilidad es que&hellip;","og_url":"https:\/\/monmenut.cat\/es\/aviso-legal\/politica-de-cookies\/","og_site_name":"Benvinguts a Monmenut","og_image":[{"width":2048,"height":1365,"url":"https:\/\/monmenut.cat\/wp-content\/uploads\/2024\/12\/montmenut-alcanar-portada.jpg","type":"image\/jpeg"}],"twitter_card":"summary_large_image","twitter_misc":{"Tiempo de lectura":"3 minutos"},"schema":{"@context":"https:\/\/schema.org","@graph":[{"@type":"WebPage","@id":"https:\/\/monmenut.cat\/es\/aviso-legal\/politica-de-cookies\/","url":"https:\/\/monmenut.cat\/es\/aviso-legal\/politica-de-cookies\/","name":"Pol\u00edtica de cookies - Benvinguts a Monmenut","isPartOf":{"@id":"https:\/\/monmenut.cat\/#website"},"datePublished":"2025-02-20T09:49:46+00:00","breadcrumb":{"@id":"https:\/\/monmenut.cat\/es\/aviso-legal\/politica-de-cookies\/#breadcrumb"},"inLanguage":"es","potentialAction":[{"@type":"ReadAction","target":["https:\/\/monmenut.cat\/es\/aviso-legal\/politica-de-cookies\/"]}]},{"@type":"BreadcrumbList","@id":"https:\/\/monmenut.cat\/es\/aviso-legal\/politica-de-cookies\/#breadcrumb","itemListElement":[{"@type":"ListItem","position":1,"name":"Inici","item":"https:\/\/monmenut.cat\/es\/inicio\/"},{"@type":"ListItem","position":2,"name":"Aviso legal","item":"https:\/\/monmenut.cat\/es\/aviso-legal\/"},{"@type":"ListItem","position":3,"name":"Pol\u00edtica de cookies"}]},{"@type":"WebSite","@id":"https:\/\/monmenut.cat\/#website","url":"https:\/\/monmenut.cat\/","name":"Benvinguts a Monmenut","description":"El teu espai per als m\u00e9s petits!","publisher":{"@id":"https:\/\/monmenut.cat\/#organization"},"potentialAction":[{"@type":"SearchAction","target":{"@type":"EntryPoint","urlTemplate":"https:\/\/monmenut.cat\/?s={search_term_string}"},"query-input":{"@type":"PropertyValueSpecification","valueRequired":true,"valueName":"search_term_string"}}],"inLanguage":"es"},{"@type":"Organization","@id":"https:\/\/monmenut.cat\/#organization","name":"Monmenut","url":"https:\/\/monmenut.cat\/","logo":{"@type":"ImageObject","inLanguage":"es","@id":"https:\/\/monmenut.cat\/#\/schema\/logo\/image\/","url":"https:\/\/monmenut.cat\/wp-content\/uploads\/2021\/08\/cropped-monmenut-logo-e1736855864428.png","contentUrl":"https:\/\/monmenut.cat\/wp-content\/uploads\/2021\/08\/cropped-monmenut-logo-e1736855864428.png","width":864,"height":157,"caption":"Monmenut"},"image":{"@id":"https:\/\/monmenut.cat\/#\/schema\/logo\/image\/"}}]}},"_links":{"self":[{"href":"https:\/\/monmenut.cat\/es\/wp-json\/wp\/v2\/pages\/21181","targetHints":{"allow":["GET"]}}],"collection":[{"href":"https:\/\/monmenut.cat\/es\/wp-json\/wp\/v2\/pages"}],"about":[{"href":"https:\/\/monmenut.cat\/es\/wp-json\/wp\/v2\/types\/page"}],"author":[{"embeddable":true,"href":"https:\/\/monmenut.cat\/es\/wp-json\/wp\/v2\/users\/1"}],"replies":[{"embeddable":true,"href":"https:\/\/monmenut.cat\/es\/wp-json\/wp\/v2\/comments?post=21181"}],"version-history":[{"count":1,"href":"https:\/\/monmenut.cat\/es\/wp-json\/wp\/v2\/pages\/21181\/revisions"}],"predecessor-version":[{"id":21182,"href":"https:\/\/monmenut.cat\/es\/wp-json\/wp\/v2\/pages\/21181\/revisions\/21182"}],"up":[{"embeddable":true,"href":"https:\/\/monmenut.cat\/es\/wp-json\/wp\/v2\/pages\/21176"}],"wp:attachment":[{"href":"https:\/\/monmenut.cat\/es\/wp-json\/wp\/v2\/media?parent=21181"}],"curies":[{"name":"wp","href":"https:\/\/api.w.org\/{rel}","templated":true}]}}