{"id":21084,"date":"2024-12-19T10:04:23","date_gmt":"2024-12-19T08:04:23","guid":{"rendered":"https:\/\/monmenut.cat\/acceder-a-la-lista\/"},"modified":"2025-01-03T14:23:16","modified_gmt":"2025-01-03T12:23:16","slug":"acceder-a-la-lista","status":"publish","type":"page","link":"https:\/\/monmenut.cat\/es\/acceder-a-la-lista\/","title":{"rendered":"Acceder a la lista"},"content":{"rendered":"\t\t<div data-elementor-type=\"wp-page\" data-elementor-id=\"21084\" class=\"elementor elementor-21084 elementor-20412\" data-elementor-post-type=\"page\">\n\t\t\t\t\t\t<section class=\"elementor-section elementor-top-section elementor-element elementor-element-ad9935e elementor-section-full_width elementor-section-height-default elementor-section-height-default sc_fly_static\" data-id=\"ad9935e\" data-element_type=\"section\">\n\t\t\t\t\t\t<div class=\"elementor-container elementor-column-gap-extended\">\n\t\t\t\t\t<div class=\"elementor-column elementor-col-100 elementor-top-column elementor-element elementor-element-b004c06 sc_content_align_inherit sc_layouts_column_icons_position_left sc_fly_static\" data-id=\"b004c06\" data-element_type=\"column\">\n\t\t\t<div class=\"elementor-widget-wrap elementor-element-populated\">\n\t\t\t\t\t\t<div class=\"elementor-element elementor-element-6b5d71e sc_fly_static elementor-widget elementor-widget-shortcode\" data-id=\"6b5d71e\" data-element_type=\"widget\" data-widget_type=\"shortcode.default\">\n\t\t\t\t<div class=\"elementor-widget-container\">\n\t\t\t\t\t\t\t<div class=\"elementor-shortcode\">\n<form id=\"dokan-vendor-register\" method=\"post\" class=\"register dokan-vendor-register\">\n\n    \n    <div class=\"split-row name-field form-row-wide\">\n        <p class=\"form-row form-group\">\n            <label for=\"first-name\">Nombre <span class=\"required\">*<\/span><\/label>\n            <input type=\"text\" class=\"input-text form-control\" name=\"fname\" id=\"first-name\" value=\"\" required=\"required\" \/>\n        <\/p>\n\n        <p class=\"form-row form-group\">\n            <label for=\"last-name\">Apellidos <span class=\"required\">*<\/span><\/label>\n            <input type=\"text\" class=\"input-text form-control\" name=\"lname\" id=\"last-name\" value=\"\" required=\"required\" \/>\n        <\/p>\n    <\/div>\n\n    \n    <p class=\"form-row form-group form-row-wide\">\n        <label for=\"reg_email\">Direcci\u00f3n de correo electr\u00f3nico <span class=\"required\">*<\/span><\/label>\n        <input type=\"email\" class=\"input-text form-control\" name=\"email\" id=\"reg_email\" value=\"\" required=\"required\" \/>\n        <label class=\"reg_email_error\"><\/label>\n                <small>Se enviar\u00e1 un enlace a tu direcci\u00f3n de correo electr\u00f3nico para establecer una nueva contrase\u00f1a.<\/small>\n            <\/p>\n\n    <p class=\"form-row form-group form-row-wide\">\n        <label for=\"shop-phone\">N\u00famero de tel\u00e9fono<span class=\"required\">*<\/span><\/label>\n        <input type=\"text\" class=\"input-text form-control\" name=\"phone\" id=\"shop-phone\" value=\"\" required=\"required\" \/>\n        <input type=\"hidden\" name=\"role\" value=\"seller\">\n    <\/p>\n\n    \n    <!-- Spam Trap -->\n    <div style=\"left:-999em; position:absolute;\"><label for=\"trap\">Antispam<\/label><input type=\"text\" name=\"email_2\" id=\"trap\" tabindex=\"-1\" \/><\/div>\n\n    <p class=\"form-row form-group form-row-wide\">\n        <label for=\"company-name\">Nombre de la tienda <span class=\"required\">*<\/span><\/label>\n        <input type=\"text\" class=\"input-text form-control\" name=\"shopname\" id=\"company-name\" value=\"\" required=\"required\" \/>\n    <\/p>\n\n    <p class=\"form-row form-group form-row-wide\">\n        <label for=\"seller-url\" class=\"pull-left\">URL de la tienda <span class=\"required\">*<\/span><\/label>\n        <strong id=\"url-alart-mgs\" class=\"pull-right\"><\/strong>\n        <input type=\"text\" class=\"input-text form-control\" name=\"shopurl\" id=\"seller-url\" value=\"\" required=\"required\" \/>\n        <small>https:\/\/monmenut.cat\/es\/llistes\/<strong id=\"url-alart\"><\/strong><\/small>\n    <\/p>\n\n    \n    \n    \n    \n    \n    <p class=\"form-row\">\n        <input type=\"hidden\" id=\"woocommerce-register-nonce\" name=\"woocommerce-register-nonce\" value=\"2bc9a6da8c\" \/><input type=\"hidden\" name=\"_wp_http_referer\" value=\"\/es\/wp-json\/wp\/v2\/pages\/21084\" \/>\n        <input type=\"submit\" class=\"dokan-btn dokan-btn-theme\" name=\"register\" value=\"Registro\" \/>\n    <\/p>\n\n    <\/form>\n<\/div>\n\t\t\t\t\t\t<\/div>\n\t\t\t\t<\/div>\n\t\t\t\t\t<\/div>\n\t\t<\/div>\n\t\t\t\t\t<\/div>\n\t\t<\/section>\n\t\t\t\t<\/div>\n\t\t","protected":false},"excerpt":{"rendered":"","protected":false},"author":1,"featured_media":0,"parent":0,"menu_order":0,"comment_status":"closed","ping_status":"closed","template":"","meta":{"footnotes":""},"class_list":["post-21084","page","type-page","status-publish","hentry"],"yoast_head":"<!-- This site is optimized with the Yoast SEO plugin v26.1.1 - https:\/\/yoast.com\/wordpress\/plugins\/seo\/ -->\n<title>Acceder a la lista - Benvinguts a Monmenut<\/title>\n<meta name=\"robots\" content=\"index, follow, max-snippet:-1, max-image-preview:large, max-video-preview:-1\" \/>\n<link rel=\"canonical\" href=\"https:\/\/monmenut.cat\/es\/acceder-a-la-lista\/\" \/>\n<meta property=\"og:locale\" content=\"es_ES\" \/>\n<meta property=\"og:type\" content=\"article\" \/>\n<meta property=\"og:title\" content=\"Acceder a la lista - Benvinguts a Monmenut\" \/>\n<meta property=\"og:url\" content=\"https:\/\/monmenut.cat\/es\/acceder-a-la-lista\/\" \/>\n<meta property=\"og:site_name\" content=\"Benvinguts a Monmenut\" \/>\n<meta property=\"article:modified_time\" content=\"2025-01-03T12:23:16+00:00\" \/>\n<meta property=\"og:image\" content=\"https:\/\/monmenut.cat\/wp-content\/uploads\/2024\/12\/montmenut-alcanar-portada.jpg\" \/>\n\t<meta property=\"og:image:width\" content=\"2048\" \/>\n\t<meta property=\"og:image:height\" content=\"1365\" \/>\n\t<meta property=\"og:image:type\" content=\"image\/jpeg\" \/>\n<meta name=\"twitter:card\" content=\"summary_large_image\" \/>\n<script type=\"application\/ld+json\" class=\"yoast-schema-graph\">{\"@context\":\"https:\/\/schema.org\",\"@graph\":[{\"@type\":\"WebPage\",\"@id\":\"https:\/\/monmenut.cat\/es\/acceder-a-la-lista\/\",\"url\":\"https:\/\/monmenut.cat\/es\/acceder-a-la-lista\/\",\"name\":\"Acceder a la lista - Benvinguts a Monmenut\",\"isPartOf\":{\"@id\":\"https:\/\/monmenut.cat\/#website\"},\"datePublished\":\"2024-12-19T08:04:23+00:00\",\"dateModified\":\"2025-01-03T12:23:16+00:00\",\"breadcrumb\":{\"@id\":\"https:\/\/monmenut.cat\/es\/acceder-a-la-lista\/#breadcrumb\"},\"inLanguage\":\"es\",\"potentialAction\":[{\"@type\":\"ReadAction\",\"target\":[\"https:\/\/monmenut.cat\/es\/acceder-a-la-lista\/\"]}]},{\"@type\":\"BreadcrumbList\",\"@id\":\"https:\/\/monmenut.cat\/es\/acceder-a-la-lista\/#breadcrumb\",\"itemListElement\":[{\"@type\":\"ListItem\",\"position\":1,\"name\":\"Inici\",\"item\":\"https:\/\/monmenut.cat\/es\/inicio\/\"},{\"@type\":\"ListItem\",\"position\":2,\"name\":\"Acceder a la lista\"}]},{\"@type\":\"WebSite\",\"@id\":\"https:\/\/monmenut.cat\/#website\",\"url\":\"https:\/\/monmenut.cat\/\",\"name\":\"Benvinguts a Monmenut\",\"description\":\"El teu espai per als m\u00e9s petits!\",\"publisher\":{\"@id\":\"https:\/\/monmenut.cat\/#organization\"},\"potentialAction\":[{\"@type\":\"SearchAction\",\"target\":{\"@type\":\"EntryPoint\",\"urlTemplate\":\"https:\/\/monmenut.cat\/?s={search_term_string}\"},\"query-input\":{\"@type\":\"PropertyValueSpecification\",\"valueRequired\":true,\"valueName\":\"search_term_string\"}}],\"inLanguage\":\"es\"},{\"@type\":\"Organization\",\"@id\":\"https:\/\/monmenut.cat\/#organization\",\"name\":\"Monmenut\",\"url\":\"https:\/\/monmenut.cat\/\",\"logo\":{\"@type\":\"ImageObject\",\"inLanguage\":\"es\",\"@id\":\"https:\/\/monmenut.cat\/#\/schema\/logo\/image\/\",\"url\":\"https:\/\/monmenut.cat\/wp-content\/uploads\/2021\/08\/cropped-monmenut-logo-e1736855864428.png\",\"contentUrl\":\"https:\/\/monmenut.cat\/wp-content\/uploads\/2021\/08\/cropped-monmenut-logo-e1736855864428.png\",\"width\":864,\"height\":157,\"caption\":\"Monmenut\"},\"image\":{\"@id\":\"https:\/\/monmenut.cat\/#\/schema\/logo\/image\/\"}}]}<\/script>\n<!-- \/ Yoast SEO plugin. -->","yoast_head_json":{"title":"Acceder a la lista - Benvinguts a Monmenut","robots":{"index":"index","follow":"follow","max-snippet":"max-snippet:-1","max-image-preview":"max-image-preview:large","max-video-preview":"max-video-preview:-1"},"canonical":"https:\/\/monmenut.cat\/es\/acceder-a-la-lista\/","og_locale":"es_ES","og_type":"article","og_title":"Acceder a la lista - Benvinguts a Monmenut","og_url":"https:\/\/monmenut.cat\/es\/acceder-a-la-lista\/","og_site_name":"Benvinguts a Monmenut","article_modified_time":"2025-01-03T12:23:16+00:00","og_image":[{"width":2048,"height":1365,"url":"https:\/\/monmenut.cat\/wp-content\/uploads\/2024\/12\/montmenut-alcanar-portada.jpg","type":"image\/jpeg"}],"twitter_card":"summary_large_image","schema":{"@context":"https:\/\/schema.org","@graph":[{"@type":"WebPage","@id":"https:\/\/monmenut.cat\/es\/acceder-a-la-lista\/","url":"https:\/\/monmenut.cat\/es\/acceder-a-la-lista\/","name":"Acceder a la lista - Benvinguts a Monmenut","isPartOf":{"@id":"https:\/\/monmenut.cat\/#website"},"datePublished":"2024-12-19T08:04:23+00:00","dateModified":"2025-01-03T12:23:16+00:00","breadcrumb":{"@id":"https:\/\/monmenut.cat\/es\/acceder-a-la-lista\/#breadcrumb"},"inLanguage":"es","potentialAction":[{"@type":"ReadAction","target":["https:\/\/monmenut.cat\/es\/acceder-a-la-lista\/"]}]},{"@type":"BreadcrumbList","@id":"https:\/\/monmenut.cat\/es\/acceder-a-la-lista\/#breadcrumb","itemListElement":[{"@type":"ListItem","position":1,"name":"Inici","item":"https:\/\/monmenut.cat\/es\/inicio\/"},{"@type":"ListItem","position":2,"name":"Acceder a la lista"}]},{"@type":"WebSite","@id":"https:\/\/monmenut.cat\/#website","url":"https:\/\/monmenut.cat\/","name":"Benvinguts a Monmenut","description":"El teu espai per als m\u00e9s petits!","publisher":{"@id":"https:\/\/monmenut.cat\/#organization"},"potentialAction":[{"@type":"SearchAction","target":{"@type":"EntryPoint","urlTemplate":"https:\/\/monmenut.cat\/?s={search_term_string}"},"query-input":{"@type":"PropertyValueSpecification","valueRequired":true,"valueName":"search_term_string"}}],"inLanguage":"es"},{"@type":"Organization","@id":"https:\/\/monmenut.cat\/#organization","name":"Monmenut","url":"https:\/\/monmenut.cat\/","logo":{"@type":"ImageObject","inLanguage":"es","@id":"https:\/\/monmenut.cat\/#\/schema\/logo\/image\/","url":"https:\/\/monmenut.cat\/wp-content\/uploads\/2021\/08\/cropped-monmenut-logo-e1736855864428.png","contentUrl":"https:\/\/monmenut.cat\/wp-content\/uploads\/2021\/08\/cropped-monmenut-logo-e1736855864428.png","width":864,"height":157,"caption":"Monmenut"},"image":{"@id":"https:\/\/monmenut.cat\/#\/schema\/logo\/image\/"}}]}},"_links":{"self":[{"href":"https:\/\/monmenut.cat\/es\/wp-json\/wp\/v2\/pages\/21084","targetHints":{"allow":["GET"]}}],"collection":[{"href":"https:\/\/monmenut.cat\/es\/wp-json\/wp\/v2\/pages"}],"about":[{"href":"https:\/\/monmenut.cat\/es\/wp-json\/wp\/v2\/types\/page"}],"author":[{"embeddable":true,"href":"https:\/\/monmenut.cat\/es\/wp-json\/wp\/v2\/users\/1"}],"replies":[{"embeddable":true,"href":"https:\/\/monmenut.cat\/es\/wp-json\/wp\/v2\/comments?post=21084"}],"version-history":[{"count":1,"href":"https:\/\/monmenut.cat\/es\/wp-json\/wp\/v2\/pages\/21084\/revisions"}],"predecessor-version":[{"id":21085,"href":"https:\/\/monmenut.cat\/es\/wp-json\/wp\/v2\/pages\/21084\/revisions\/21085"}],"wp:attachment":[{"href":"https:\/\/monmenut.cat\/es\/wp-json\/wp\/v2\/media?parent=21084"}],"curies":[{"name":"wp","href":"https:\/\/api.w.org\/{rel}","templated":true}]}}